{"id":102,"date":"2021-08-25T10:32:17","date_gmt":"2021-08-25T10:32:17","guid":{"rendered":"https:\/\/gh-bitz.de\/?page_id=102"},"modified":"2022-02-24T18:25:40","modified_gmt":"2022-02-24T18:25:40","slug":"kosten","status":"publish","type":"page","link":"https:\/\/gh-bitz.de\/index.php\/kosten\/","title":{"rendered":"Kosten"},"content":{"rendered":"\r\n<p><strong>Preise gerne auf Anfrage<\/strong><\/p>\r\n<p>Reikianwendung&nbsp;<\/p>\r\n<p>Tierheilung\/Fernbehandlung&nbsp; &nbsp;&nbsp;&nbsp;&nbsp;&nbsp;&nbsp;&nbsp;&nbsp;&nbsp;&nbsp;&nbsp;&nbsp;&nbsp;&nbsp;&nbsp;&nbsp;&nbsp;&nbsp;&nbsp;&nbsp;&nbsp;&nbsp;&nbsp;&nbsp;&nbsp;&nbsp;&nbsp;&nbsp;&nbsp;&nbsp;&nbsp;&nbsp;&nbsp;&nbsp;&nbsp;&nbsp;&nbsp;&nbsp;&nbsp;&nbsp;&nbsp;&nbsp; <\/p>\r\n\r\n\r\n\r\n\r\n\r\n<p>Geistige Wirbels\u00e4ulenaufrichtung mit Energiebehandlung&nbsp;&nbsp;&nbsp;&nbsp;&nbsp;&nbsp;&nbsp;&nbsp;&nbsp;&nbsp;&nbsp;&nbsp;&nbsp;&nbsp;&nbsp;&nbsp;&nbsp;&nbsp;&nbsp;&nbsp;&nbsp;&nbsp;&nbsp;&nbsp;&nbsp;&nbsp;&nbsp;&nbsp;&nbsp;&nbsp;&nbsp;&nbsp; Kinder <\/p>\r\n<p><img loading=\"lazy\" decoding=\"async\" class=\" wp-image-314 alignright\" src=\"https:\/\/gh-bitz.de\/wp-content\/uploads\/2021\/09\/cropped-Logo.png\" alt=\"Kosten\" width=\"218\" height=\"218\" srcset=\"https:\/\/gh-bitz.de\/wp-content\/uploads\/2021\/09\/cropped-Logo.png 250w, https:\/\/gh-bitz.de\/wp-content\/uploads\/2021\/09\/cropped-Logo-150x150.png 150w, https:\/\/gh-bitz.de\/wp-content\/uploads\/2021\/09\/cropped-Logo-100x100.png 100w\" sizes=\"auto, (max-width: 218px) 100vw, 218px\" \/><\/p>\r\n\r\n\r\n\r\n<p>Access Bars <\/p>\r\n\r\n\r\n\r\n<p>Heilkarten je Karte 25 Euro<\/p>\r\n\r\n\r\n\r\n<p>Metamorphosesitzung <\/p>\r\n\r\n\r\n\r\n<p>Urblockadenaufl\u00f6sung <\/p>\r\n\r\n\r\n\r\n<p>Quantenheilung<\/p>\r\n\r\n\r\n\r\n<p>Geistige Chirurgie\/Kristallheilung <\/p>\r\n\r\n\r\n\r\n<p>Geistige Hom\u00f6opathe <\/p>\r\n\r\n\r\n\r\n<p>Entstrahlung\/Entst\u00f6rung: Hausentst\u00f6rung incl. 2 Autos und Handys 120 Euro,&nbsp; Autoentst\u00f6rung je Auto 20 Euro, Handy-Masten, Windr\u00e4der, Handy pro Ger\u00e4t jeweils 30 Euro<\/p>\r\n\r\n\r\n\r\n<p>Programmieren von Strahlenschutzsteinen je Stein 15 Euro<\/p>\r\n\r\n\r\n\r\n<p>Einige der hier aufgelisteten Anwendungen k\u00f6nnen auch in der Fernheilung erfolgen.<\/p>\r\n<p>Es wird immer f\u00fcr jede Person individuell entschieden, welche Anwendung oder welche Kombination f\u00fcr die momentane Situation die richtige ist.<\/p>\r\n\r\n\r\n\r\n<p>Bei Behandlungen vor Ort wird pro gefahrenem Kilometer 0,80 Euro berechnet.<\/p>\r\n\r\n\r\n\r\n<p><strong>&#8220;Liebe Dich selbst genug, um all das loszulassen,<br>was Deine Seele nicht n\u00e4hrt, denn die einzige Art zu leben<br>besteht darin, jede einzelne Minute als unwiederholbares Wunder<br>zu begr\u00fc\u00dfen.&nbsp;&#8220;<\/strong><\/p>\r\n\r\n\r\n\r\n\r\n\r\n<p>Wenn hier von Heilung gesprochen wird, handelt es sich nicht um Heilung im medizinischen Sinn. Sie ersetzt nicht den Besuch eines Arztes oder Heilpraktikers.<\/p>\r\n","protected":false},"excerpt":{"rendered":"<p>Preise gerne auf Anfrage Reikianwendung&nbsp; Tierheilung\/Fernbehandlung&nbsp; &nbsp;&nbsp;&nbsp;&nbsp;&nbsp;&nbsp;&nbsp;&nbsp;&nbsp;&nbsp;&nbsp;&nbsp;&nbsp;&nbsp;&nbsp;&nbsp;&nbsp;&nbsp;&nbsp;&nbsp;&nbsp;&nbsp;&nbsp;&nbsp;&nbsp;&nbsp;&nbsp;&nbsp;&nbsp;&nbsp;&nbsp;&nbsp;&nbsp;&nbsp;&nbsp;&nbsp;&nbsp;&nbsp;&nbsp;&nbsp;&nbsp;&nbsp; Geistige Wirbels\u00e4ulenaufrichtung mit Energiebehandlung&nbsp;&nbsp;&nbsp;&nbsp;&nbsp;&nbsp;&nbsp;&nbsp;&nbsp;&nbsp;&nbsp;&nbsp;&nbsp;&nbsp;&nbsp;&nbsp;&nbsp;&nbsp;&nbsp;&nbsp;&nbsp;&nbsp;&nbsp;&nbsp;&nbsp;&nbsp;&nbsp;&nbsp;&nbsp;&nbsp;&nbsp;&nbsp; Kinder Access Bars Heilkarten je Karte 25 Euro Metamorphosesitzung Urblockadenaufl\u00f6sung Quantenheilung Geistige Chirurgie\/Kristallheilung Geistige Hom\u00f6opathe Entstrahlung\/Entst\u00f6rung: Hausentst\u00f6rung incl. 2 Autos und Handys 120 Euro,&nbsp; Autoentst\u00f6rung je Auto 20 Euro, Handy-Masten, Windr\u00e4der, Handy pro Ger\u00e4t jeweils 30 Euro Programmieren von Strahlenschutzsteinen je Stein 15 Euro &hellip; <\/p>\n<p class=\"link-more\"><a href=\"https:\/\/gh-bitz.de\/index.php\/kosten\/\" class=\"more-link\">Continue reading<span class=\"screen-reader-text\"> &#8220;Kosten&#8221;<\/span><\/a><\/p>\n","protected":false},"author":1,"featured_media":0,"parent":0,"menu_order":0,"comment_status":"closed","ping_status":"closed","template":"","meta":{"ngg_post_thumbnail":0,"footnotes":""},"class_list":["post-102","page","type-page","status-publish","hentry"],"_links":{"self":[{"href":"https:\/\/gh-bitz.de\/index.php\/wp-json\/wp\/v2\/pages\/102","targetHints":{"allow":["GET"]}}],"collection":[{"href":"https:\/\/gh-bitz.de\/index.php\/wp-json\/wp\/v2\/pages"}],"about":[{"href":"https:\/\/gh-bitz.de\/index.php\/wp-json\/wp\/v2\/types\/page"}],"author":[{"embeddable":true,"href":"https:\/\/gh-bitz.de\/index.php\/wp-json\/wp\/v2\/users\/1"}],"replies":[{"embeddable":true,"href":"https:\/\/gh-bitz.de\/index.php\/wp-json\/wp\/v2\/comments?post=102"}],"version-history":[{"count":14,"href":"https:\/\/gh-bitz.de\/index.php\/wp-json\/wp\/v2\/pages\/102\/revisions"}],"predecessor-version":[{"id":458,"href":"https:\/\/gh-bitz.de\/index.php\/wp-json\/wp\/v2\/pages\/102\/revisions\/458"}],"wp:attachment":[{"href":"https:\/\/gh-bitz.de\/index.php\/wp-json\/wp\/v2\/media?parent=102"}],"curies":[{"name":"wp","href":"https:\/\/api.w.org\/{rel}","templated":true}]}}