{"id":150,"date":"2021-08-27T18:33:47","date_gmt":"2021-08-27T18:33:47","guid":{"rendered":"https:\/\/gh-bitz.de\/?page_id=150"},"modified":"2021-09-17T20:45:07","modified_gmt":"2021-09-17T20:45:07","slug":"reiki","status":"publish","type":"page","link":"https:\/\/gh-bitz.de\/index.php\/reiki\/","title":{"rendered":"Reiki"},"content":{"rendered":"\r\n<p>Reiki&nbsp;ist eine uralte Heilmethode durch Handauflegen, welche durch Mikao Usui (1865-1926), einem M\u00f6nch aus Japan, wiederentdeckt wurde. Das Wort Reiki kommt aus dem Japanischen und bedeutet universelle bzw. g\u00f6ttliche&nbsp;Lebensenergie. Reiki ist reines Licht und reine bedingungslose&nbsp;Liebe. Diese Energie ist mit der alldurchdringenden Kraft des Lebens, mit der Ursprungsquelle verbunden. Reiki ist sehr wirkungsvoll und sehr tiefgreifend in der Heilung und \u00f6ffnet den Weg der Liebe, der Selbsterkenntnis, des Vertrauens, der Heilung auf allen Ebenen. Bei Reiki sind keine Grenzen gesetzt, die Grenzen setzt der Mensch immer selbst. Reiki ist reine bedingungslose Liebe, grenzenlos, nicht beeinflussbar und nicht zu missbrauchen. Reiki wirkt auf alle Organe, K\u00f6rperebenen und Energieebenen.<\/p>\r\n\r\n\r\n\r\n<p>Der Reikigebende verbindet sich mit der g\u00f6ttlichen Heilenergie und dient als Werkzeug, Heil- und Lichtkanal. Unterst\u00fctzt wird er hierbei von Engeln, bereits aufgestiegenen Meistern und sonstigen Lichtwesen. Die 7 Hauptenergiezentren sind w\u00e4hrend der Heilarbeit besonders aktiv.<\/p>\r\n\r\n\r\n\r\n<p>Reiki ist ein Ausdruck bedingungsloser Liebe. Wo die Liebe des Universums gelebt wird, da ist die Heilkraft des Universums, denn die Liebe ist die st\u00e4rkste Macht und Kraft in diesem Universum. Liebe heilt alles !<\/p>\r\n\r\n\r\n\r\n<p>Die Aura (die verschiedenen Energiek\u00f6rper) und Energiezentren werden gereinigt und wieder ins Gleichgewicht gebracht, Energieblockaden sowie Fremdenergien werden aufgesp\u00fcrt und transformiert. Die Selbstheilungskr\u00e4fte werden freigesetzt bzw. aktiviert und k\u00f6nnen somit ihre Aufgabe wieder aufnehmen.&nbsp;<\/p>\r\n\r\n\r\n\r\n<p>Die Heilenergien flie\u00dfen bzw. wirken noch einige Tage nach, so wie Sie es verkraften k\u00f6nnen und ben\u00f6tigen. Um eine dauerhafte und tiefe Heilung zu erfahren, gerade in&nbsp;hartn\u00e4ckigen und langwierigen F\u00e4llen, sind mehrere Heilsitzungen empfehlenswert.<\/p>\r\n\r\n\r\n\r\n<p>Jede Krankheit ist etwas unnat\u00fcrliches, ungeistiges, antig\u00f6ttliches, d\u00e4monisches. Solange der Mensch im Lichte der Gesetze des Universums steht, wird er gesund sein und im Augenblick, wo er aus diesem Kreis heraustritt, wird er erkranken. Harmonie mit dem Universum ist Gesundheit. Zerfall mit dem Universum ist Krankheit.<\/p>\r\n\r\n\r\n\r\n<h4 class=\"wp-block-heading\">Geistheilung und Energiearbeit ist zum Beispiel hilfreich bei:<\/h4>\r\n\r\n\r\n\r\n<ul class=\"wp-block-list\">\r\n<li>Aufl\u00f6sung und Heilung von Energieblockaden<\/li>\r\n<li>Schmerzen, Verspannungen, Depressionen und anderen k\u00f6rperlichen und psysischen Beschwerden<\/li>\r\n<li>Reinigung und Harmonisierung der Energiezentren und der Aura<\/li>\r\n<li>Transformation und Reinigung von Fremdenergien<\/li>\r\n<li>Aktivierung und St\u00e4rkung der Selbstheilungskr\u00e4fte<\/li>\r\n<li>mehr Vitalit\u00e4t, Konzentrationsf\u00e4higkeit, Lebensfreude<\/li>\r\n<li>f\u00fcr Tiefenentspannung, Wohlbefinden&nbsp;und Harmonie<\/li>\r\n<li>Narben entst\u00f6ren<\/li>\r\n<li>Lernblockaden, Pr\u00fcfungs\u00e4ngste u.\u00e4.<\/li>\r\n<li>Aufl\u00f6sung nicht mehr dienlicher Glaubens-, Gedanken- und Verhaltensmuster<\/li>\r\n<li>Bewusstseinsarbeit&#8230;<br>&nbsp;<\/li>\r\n<\/ul>\r\n\r\n\r\n\r\n<p>Dauer der Anwendung ca. 1 &#8211; 1,5 Stunden<\/p>\r\n\r\n\r\n\r\n<p><strong>\u201eSchmerz ist ein unge\u00f6ffneter Brief, den dein K\u00f6rper dir schickt.<br>Er schickt ihn immer wieder, bis du ihn \u00f6ffnest und liest.\u201c<\/strong><br>(Bahar Yilmaz)<\/p>\r\n\r\n\r\n\r\n<p>&nbsp;<\/p>\r\n\r\n\r\n\r\n<p>Wenn hier von Heilung gesprochen wird, handelt es sich nicht um Heilung im medizinischen Sinn. Sie ersetzt nicht den Besuch eines Arztes oder Heilpraktikers.<\/p>\r\n","protected":false},"excerpt":{"rendered":"<p>Reiki&nbsp;ist eine uralte Heilmethode durch Handauflegen, welche durch Mikao Usui (1865-1926), einem M\u00f6nch aus Japan, wiederentdeckt wurde. Das Wort Reiki kommt aus dem Japanischen und bedeutet universelle bzw. g\u00f6ttliche&nbsp;Lebensenergie. Reiki ist reines Licht und reine bedingungslose&nbsp;Liebe. Diese Energie ist mit der alldurchdringenden Kraft des Lebens, mit der Ursprungsquelle verbunden. Reiki ist sehr wirkungsvoll und sehr &hellip; <\/p>\n<p class=\"link-more\"><a href=\"https:\/\/gh-bitz.de\/index.php\/reiki\/\" class=\"more-link\">Continue reading<span class=\"screen-reader-text\"> &#8220;Reiki&#8221;<\/span><\/a><\/p>\n","protected":false},"author":1,"featured_media":0,"parent":0,"menu_order":0,"comment_status":"closed","ping_status":"closed","template":"","meta":{"ngg_post_thumbnail":0,"footnotes":""},"class_list":["post-150","page","type-page","status-publish","hentry"],"_links":{"self":[{"href":"https:\/\/gh-bitz.de\/index.php\/wp-json\/wp\/v2\/pages\/150","targetHints":{"allow":["GET"]}}],"collection":[{"href":"https:\/\/gh-bitz.de\/index.php\/wp-json\/wp\/v2\/pages"}],"about":[{"href":"https:\/\/gh-bitz.de\/index.php\/wp-json\/wp\/v2\/types\/page"}],"author":[{"embeddable":true,"href":"https:\/\/gh-bitz.de\/index.php\/wp-json\/wp\/v2\/users\/1"}],"replies":[{"embeddable":true,"href":"https:\/\/gh-bitz.de\/index.php\/wp-json\/wp\/v2\/comments?post=150"}],"version-history":[{"count":8,"href":"https:\/\/gh-bitz.de\/index.php\/wp-json\/wp\/v2\/pages\/150\/revisions"}],"predecessor-version":[{"id":395,"href":"https:\/\/gh-bitz.de\/index.php\/wp-json\/wp\/v2\/pages\/150\/revisions\/395"}],"wp:attachment":[{"href":"https:\/\/gh-bitz.de\/index.php\/wp-json\/wp\/v2\/media?parent=150"}],"curies":[{"name":"wp","href":"https:\/\/api.w.org\/{rel}","templated":true}]}}