{"id":225,"date":"2021-09-11T14:51:29","date_gmt":"2021-09-11T14:51:29","guid":{"rendered":"https:\/\/gh-bitz.de\/?page_id=225"},"modified":"2025-02-02T19:16:21","modified_gmt":"2025-02-02T19:16:21","slug":"urblockadenauflosung","status":"publish","type":"page","link":"https:\/\/gh-bitz.de\/index.php\/urblockadenauflosung\/","title":{"rendered":"Urblockadenaufl\u00f6sung"},"content":{"rendered":"\r\n<p>Programm\u00e4nderung der Glaubenss\u00e4tze durch Umprogrammierung<\/p>\r\n\r\n\r\n\r\n<p>H\u00f6chste Stufe der Ganzheitstherapie. In Zusammenarbeit mit der Geistigen Welt l\u00f6sen wir alle l\u00f6sbaren Blockaden und Urblockaden auf der k\u00f6rperlichen, seelischen, geistigen und spirituellen Ebene, auch aus fr\u00fcheren Leben, von Anbeginn der Zeit, bis in die Unendlichkeit auf.<\/p>\r\n\r\n\r\n\r\n<p>Glaubenss\u00e4tze stellen einen entscheidenden Rahmen f\u00fcr menschliches Verhalten dar. Wenn ein Mensch tats\u00e4chlich fest an etwas glaubt, so wird er sich immer entsprechend dieses Glaubens verhalten. Es sind feste Regeln, die Aussagen \u00fcber Erlaubnis und Grenzen machen. Die am meisten verbreiteten Glaubenss\u00e4tze lassen sich in die folgenden drei Kategorien einordnen: Hoffnungslosigkeit, Hilflosigkeit und Wertlosigkeit. Die am schwierigsten zu erkennenden Glaubenss\u00e4tze sind die, die den meisten Einfluss auf uns haben. Sie sind meist au\u00dferhalb unserer Wahrnehmung und werden deshalb nicht hinterfragt oder sind uns so selbstverst\u00e4ndlich, dass wir nicht mehr dar\u00fcber nachdenken.<\/p>\r\n\r\n\r\n\r\n<p><strong>&#8220;Trau Dich im Leben zu sein, wer Du wirklich bist,<br>zu sagen, was Du wirklich denkst und zu tun,<br>was Du wirklich liebst.\u201c<\/strong><\/p>\r\n\r\n\r\n\r\n<p>&nbsp;<\/p>\r\n\r\n\r\n\r\n<p>Wenn hier von Heilung gesprochen wird, handelt es sich nicht um Heilung im medizinischen Sinn. Sie ersetzt nicht den Besuch eines Arztes oder Heilpraktikers.<\/p>\r\n","protected":false},"excerpt":{"rendered":"<p>Programm\u00e4nderung der Glaubenss\u00e4tze durch Umprogrammierung H\u00f6chste Stufe der Ganzheitstherapie. In Zusammenarbeit mit der Geistigen Welt l\u00f6sen wir alle l\u00f6sbaren Blockaden und Urblockaden auf der k\u00f6rperlichen, seelischen, geistigen und spirituellen Ebene, auch aus fr\u00fcheren Leben, von Anbeginn der Zeit, bis in die Unendlichkeit auf. Glaubenss\u00e4tze stellen einen entscheidenden Rahmen f\u00fcr menschliches Verhalten dar. Wenn ein Mensch &hellip; <\/p>\n<p class=\"link-more\"><a href=\"https:\/\/gh-bitz.de\/index.php\/urblockadenauflosung\/\" class=\"more-link\">Continue reading<span class=\"screen-reader-text\"> &#8220;Urblockadenaufl\u00f6sung&#8221;<\/span><\/a><\/p>\n","protected":false},"author":1,"featured_media":0,"parent":0,"menu_order":0,"comment_status":"closed","ping_status":"closed","template":"","meta":{"ngg_post_thumbnail":0,"footnotes":""},"class_list":["post-225","page","type-page","status-publish","hentry"],"_links":{"self":[{"href":"https:\/\/gh-bitz.de\/index.php\/wp-json\/wp\/v2\/pages\/225","targetHints":{"allow":["GET"]}}],"collection":[{"href":"https:\/\/gh-bitz.de\/index.php\/wp-json\/wp\/v2\/pages"}],"about":[{"href":"https:\/\/gh-bitz.de\/index.php\/wp-json\/wp\/v2\/types\/page"}],"author":[{"embeddable":true,"href":"https:\/\/gh-bitz.de\/index.php\/wp-json\/wp\/v2\/users\/1"}],"replies":[{"embeddable":true,"href":"https:\/\/gh-bitz.de\/index.php\/wp-json\/wp\/v2\/comments?post=225"}],"version-history":[{"count":8,"href":"https:\/\/gh-bitz.de\/index.php\/wp-json\/wp\/v2\/pages\/225\/revisions"}],"predecessor-version":[{"id":485,"href":"https:\/\/gh-bitz.de\/index.php\/wp-json\/wp\/v2\/pages\/225\/revisions\/485"}],"wp:attachment":[{"href":"https:\/\/gh-bitz.de\/index.php\/wp-json\/wp\/v2\/media?parent=225"}],"curies":[{"name":"wp","href":"https:\/\/api.w.org\/{rel}","templated":true}]}}