{"id":55,"date":"2021-08-03T18:14:56","date_gmt":"2021-08-03T18:14:56","guid":{"rendered":"https:\/\/gh-bitz.de\/?page_id=55"},"modified":"2021-09-17T19:21:52","modified_gmt":"2021-09-17T19:21:52","slug":"startseite","status":"publish","type":"page","link":"https:\/\/gh-bitz.de\/","title":{"rendered":"Startseite"},"content":{"rendered":"\r\n<h2 class=\"alignwide has-text-align-wide has-gigantic-font-size wp-block-heading\" style=\"line-height: 1.1;\"><img loading=\"lazy\" decoding=\"async\" class=\"size-large wp-image-343 alignnone\" src=\"https:\/\/gh-bitz.de\/wp-content\/uploads\/2021\/09\/DSC_1614-1024x683.jpg\" alt=\"Startseite\" width=\"525\" height=\"350\" srcset=\"https:\/\/gh-bitz.de\/wp-content\/uploads\/2021\/09\/DSC_1614-1024x683.jpg 1024w, https:\/\/gh-bitz.de\/wp-content\/uploads\/2021\/09\/DSC_1614-300x200.jpg 300w, https:\/\/gh-bitz.de\/wp-content\/uploads\/2021\/09\/DSC_1614-768x512.jpg 768w, https:\/\/gh-bitz.de\/wp-content\/uploads\/2021\/09\/DSC_1614-2048x1365.jpg 2048w\" sizes=\"auto, (max-width: 525px) 100vw, 525px\" \/><\/h2>\r\n\r\n\r\n\r\n<p><strong>&#8220;Worauf Du blickst, erh\u00e4lt Deine Energie &#8211; und wird gr\u00f6\u00dfer und gr\u00f6\u00dfer.<br><br>Wor\u00fcber Du sprichst erh\u00e4lt Deine Energie &#8211; und wird gr\u00f6\u00dfer und gr\u00f6\u00dfer.<br><br>Was Du bek\u00e4mpfst erh\u00e4lt Deine Energie &#8211; und wird gr\u00f6\u00dfer und gr\u00f6\u00dfer.<br><br>Wovon Du Dich abwendest &#8211; das zerf\u00e4llt.<br><br>Denn ohne Deine Energie, hat nichts Bestand in Deiner Welt.<br><br>Erinnere Dich!<br><br>Und w\u00e4hle weise, auf was Du Deine Aufmerksamkeit lenkst.<br><br>Wem und was Du Deine Energie schenkst.<br><br>Du bist kraftvoll!<br><br>Du bist wichtig!<br><br>Deine Wahl macht einen Unterschied.<br><br>Richte Dich aus auf die Liebe &#8211; und die Liebe wird st\u00e4rker.<br><br>Richte Dich aus auf das Vertrauen &#8211; und das Vertrauen wird st\u00e4rker.<br><br>Richte Dich aus auf das Licht &#8211;&nbsp;und das Licht wird st\u00e4rker.<br><br>Nicht nur bei Dir, sondern auch in Deiner Umgebung.<br><br>Und alles erreicht auch die Menschen in Deiner Umgebung.<br><br>Du bist Sch\u00f6pfer &#8211;&nbsp;und Du bist wichtig.<br><br>Gerade jetzt!&#8221;<\/strong><\/p>\r\n\r\n\r\n\r\n<div class=\"wp-block-spacer\" style=\"height: 100px;\" aria-hidden=\"true\"><img loading=\"lazy\" decoding=\"async\" class=\"wp-image-347 size-large alignnone\" src=\"https:\/\/gh-bitz.de\/wp-content\/uploads\/2021\/09\/DSC_2014-1024x683.jpg\" alt=\"Startseite\" width=\"525\" height=\"350\" srcset=\"https:\/\/gh-bitz.de\/wp-content\/uploads\/2021\/09\/DSC_2014-1024x683.jpg 1024w, https:\/\/gh-bitz.de\/wp-content\/uploads\/2021\/09\/DSC_2014-300x200.jpg 300w, https:\/\/gh-bitz.de\/wp-content\/uploads\/2021\/09\/DSC_2014-768x512.jpg 768w, https:\/\/gh-bitz.de\/wp-content\/uploads\/2021\/09\/DSC_2014-2048x1365.jpg 2048w\" sizes=\"auto, (max-width: 525px) 100vw, 525px\" \/><\/div>\r\n\r\n\r\n\r\n<div class=\"wp-block-group alignwide\"><div class=\"wp-block-group__inner-container is-layout-flow wp-block-group-is-layout-flow\">\r\n<div class=\"wp-block-columns alignwide are-vertically-aligned-center is-style-twentytwentyone-columns-overlap is-layout-flex wp-container-core-columns-is-layout-9d6595d7 wp-block-columns-is-layout-flex\">\r\n<div class=\"wp-block-column is-vertically-aligned-center is-layout-flow wp-block-column-is-layout-flow\">\r\n\r\n\r\n<div class=\"wp-block-spacer\" style=\"height: 100px;\" aria-hidden=\"true\">&nbsp;<\/div>\r\n\r\n\r\n<\/div>\r\n\r\n\r\n\r\n<div class=\"wp-block-spacer is-layout-flow wp-block-column-is-layout-flow\" style=\"height: 100px;\" aria-hidden=\"true\">&nbsp;<\/div>\r\n<\/div>\r\n<\/div><\/div>\r\n\r\n\r\n\r\n<div class=\"wp-block-spacer\" style=\"height: 100px;\" aria-hidden=\"true\">&nbsp;<\/div>\r\n<div aria-hidden=\"true\">&nbsp;<\/div>\r\n","protected":false},"excerpt":{"rendered":"<p>&#8220;Worauf Du blickst, erh\u00e4lt Deine Energie &#8211; und wird gr\u00f6\u00dfer und gr\u00f6\u00dfer. Wor\u00fcber Du sprichst erh\u00e4lt Deine Energie &#8211; und wird gr\u00f6\u00dfer und gr\u00f6\u00dfer. Was Du bek\u00e4mpfst erh\u00e4lt Deine Energie &#8211; und wird gr\u00f6\u00dfer und gr\u00f6\u00dfer. Wovon Du Dich abwendest &#8211; das zerf\u00e4llt. Denn ohne Deine Energie, hat nichts Bestand in Deiner Welt. Erinnere Dich! &hellip; <\/p>\n<p class=\"link-more\"><a href=\"https:\/\/gh-bitz.de\/\" class=\"more-link\">Continue reading<span class=\"screen-reader-text\"> &#8220;Startseite&#8221;<\/span><\/a><\/p>\n","protected":false},"author":1,"featured_media":0,"parent":0,"menu_order":0,"comment_status":"closed","ping_status":"closed","template":"","meta":{"ngg_post_thumbnail":0,"footnotes":""},"class_list":["post-55","page","type-page","status-publish","hentry"],"_links":{"self":[{"href":"https:\/\/gh-bitz.de\/index.php\/wp-json\/wp\/v2\/pages\/55","targetHints":{"allow":["GET"]}}],"collection":[{"href":"https:\/\/gh-bitz.de\/index.php\/wp-json\/wp\/v2\/pages"}],"about":[{"href":"https:\/\/gh-bitz.de\/index.php\/wp-json\/wp\/v2\/types\/page"}],"author":[{"embeddable":true,"href":"https:\/\/gh-bitz.de\/index.php\/wp-json\/wp\/v2\/users\/1"}],"replies":[{"embeddable":true,"href":"https:\/\/gh-bitz.de\/index.php\/wp-json\/wp\/v2\/comments?post=55"}],"version-history":[{"count":16,"href":"https:\/\/gh-bitz.de\/index.php\/wp-json\/wp\/v2\/pages\/55\/revisions"}],"predecessor-version":[{"id":384,"href":"https:\/\/gh-bitz.de\/index.php\/wp-json\/wp\/v2\/pages\/55\/revisions\/384"}],"wp:attachment":[{"href":"https:\/\/gh-bitz.de\/index.php\/wp-json\/wp\/v2\/media?parent=55"}],"curies":[{"name":"wp","href":"https:\/\/api.w.org\/{rel}","templated":true}]}}