{"id":75,"date":"2021-08-25T10:28:01","date_gmt":"2021-08-25T10:28:01","guid":{"rendered":"https:\/\/gh-bitz.de\/?page_id=75"},"modified":"2021-12-29T10:39:19","modified_gmt":"2021-12-29T10:39:19","slug":"uber-mich","status":"publish","type":"page","link":"https:\/\/gh-bitz.de\/index.php\/uber-mich\/","title":{"rendered":"\u00dcber mich"},"content":{"rendered":"\r\n<p><strong>&#8220;Bevor Du jemand heilst, frag ihn, ob er bereit ist,<br>die Dinge aufzugeben, die ihn krank gemacht haben.&#8221;<\/strong><br>(Hippokrates, griech. Arzt und Lehrer)<\/p>\r\n<p><img loading=\"lazy\" decoding=\"async\" class=\"alignright wp-image-333\" src=\"https:\/\/gh-bitz.de\/wp-content\/uploads\/2021\/09\/DSC_1645-683x1024.jpg\" alt=\"\u00dcber mich\" width=\"320\" height=\"479\" srcset=\"https:\/\/gh-bitz.de\/wp-content\/uploads\/2021\/09\/DSC_1645-683x1024.jpg 683w, https:\/\/gh-bitz.de\/wp-content\/uploads\/2021\/09\/DSC_1645-200x300.jpg 200w, https:\/\/gh-bitz.de\/wp-content\/uploads\/2021\/09\/DSC_1645-768x1152.jpg 768w, https:\/\/gh-bitz.de\/wp-content\/uploads\/2021\/09\/DSC_1645-1024x1536.jpg 1024w, https:\/\/gh-bitz.de\/wp-content\/uploads\/2021\/09\/DSC_1645-1365x2048.jpg 1365w, https:\/\/gh-bitz.de\/wp-content\/uploads\/2021\/09\/DSC_1645-scaled.jpg 1707w\" sizes=\"auto, (max-width: 320px) 100vw, 320px\" \/><\/p>\r\n\r\n\r\n\r\n<p>Bereit, neue Wege zu gehen traten Dr. Joe Dispenza und Louise Hay in mein Leben.<\/p>\r\n\r\n\r\n\r\n<p class=\"has-text-align-left\">Die wunderbaren Affirmationen von Louise wurden schnell zu einem t\u00e4glichen Begleiter, der mich immer mehr lehrte, was ich ver\u00e4ndern sollte und was alles m\u00f6glich ist.<\/p>\r\n\r\n\r\n\r\n<p>Die B\u00fccher von Dr. Joe Dispenza &#8211; Ein neues Ich, Du bist das Placebo, Werde \u00dcbernat\u00fcrlich &#8211; waren eine super Erg\u00e4nzung und die wissenschaftlichen Erkenntnisse bewirkten, dass ich mehr wissen wollte. Ich fing an t\u00e4glich mit ihm zu meditieren, was ich bis heute tue. Dann endlich konnte ich ein Week-long Event in Dubai mit ihm erleben, kurz darauf einen Follow-up Workshop in M\u00fcnchen. Es war \u00fcberw\u00e4ltigend und best\u00e4tigte, zu was wir alles f\u00e4hig sind, wie wir unser Leben kreieren k\u00f6nnen und alles erreichen, was wir uns nur vorstellen k\u00f6nnen.<\/p>\r\n\r\n\r\n\r\n<p>Ich entschied mich, noch weitere Werkzeuge zu erlernen. So kamen wunderbare Lehren wie REIKI, Quantenheilung, Access Bars usw. in mein Leben.<\/p>\r\n\r\n\r\n\r\n<p>Ich durfte sehr viel von Anne H\u00fcbner in Deutschlands gr\u00f6\u00dftem Heilerzentrum lernen. Daf\u00fcr bin ich sehr dankbar. Aber auch meinen anderen Lehrerinnen gilt ein gro\u00dfes Dankesch\u00f6n. Zuerst wollte ich dies alles nur f\u00fcr meine eigene Heilung verwenden, aber es w\u00e4re zu schade, dies nicht an andere Menschen, die Heilung n\u00f6tig haben, weiter zu geben.<\/p>\r\n\r\n\r\n\r\n<p>So habe ich mich in REIKI 1 + 2, die Christusenergie, in Maria Magdalenas Licht, in Full Spectrum Healing und Full Spectrum Light einweihen lassen. Im Dezember 2021 wurde ich zum REIKI-Meister und Lehrer eingweiht. Somit ist es mir auch m\u00f6glich Fernheilungen und Einweihungen anzubieten.<\/p>\r\n\r\n\r\n\r\n<p>Meine Reise in die Geistige Welt wird noch lange nicht zu Ende sein&#8230;<\/p>\r\n\r\n\r\n\r\n<p>Wenn du an dich selber glaubst, glaubst du an die M\u00f6glichkeiten, wenn du an die M\u00f6glichkeiten glaubst, glaubst du an dich selbst. &#8211; Dr. Joe Dispenza<\/p>\r\n\r\n\r\n\r\n<p>Ich freue mich, wenn Sie sich mit mir in Verbindung setzen, um eine f\u00fcr Sie passende, optimale Heilsitzung zu besprechen<\/p>\r\n\r\n\r\n\r\n<p><strong>&#8220;Eines Tages klopfte die Angst an die T\u00fcr.<img loading=\"lazy\" decoding=\"async\" class=\" wp-image-378 alignright\" src=\"https:\/\/gh-bitz.de\/wp-content\/uploads\/2021\/09\/LogoDubai.jpeg\" alt=\"\u00dcber mich\" width=\"240\" height=\"135\" srcset=\"https:\/\/gh-bitz.de\/wp-content\/uploads\/2021\/09\/LogoDubai.jpeg 320w, https:\/\/gh-bitz.de\/wp-content\/uploads\/2021\/09\/LogoDubai-300x169.jpeg 300w\" sizes=\"auto, (max-width: 240px) 100vw, 240px\" \/><br>Der Mut stand auf und \u00f6ffnete,<br>aber da war&nbsp;niemand&nbsp;drau\u00dfen.&#8221;<\/strong><br>(Goethe)<\/p>\r\n","protected":false},"excerpt":{"rendered":"<p>&#8220;Bevor Du jemand heilst, frag ihn, ob er bereit ist,die Dinge aufzugeben, die ihn krank gemacht haben.&#8221;(Hippokrates, griech. Arzt und Lehrer) Bereit, neue Wege zu gehen traten Dr. Joe Dispenza und Louise Hay in mein Leben. Die wunderbaren Affirmationen von Louise wurden schnell zu einem t\u00e4glichen Begleiter, der mich immer mehr lehrte, was ich ver\u00e4ndern &hellip; <\/p>\n<p class=\"link-more\"><a href=\"https:\/\/gh-bitz.de\/index.php\/uber-mich\/\" class=\"more-link\">Continue reading<span class=\"screen-reader-text\"> &#8220;\u00dcber mich&#8221;<\/span><\/a><\/p>\n","protected":false},"author":1,"featured_media":0,"parent":0,"menu_order":0,"comment_status":"closed","ping_status":"closed","template":"","meta":{"ngg_post_thumbnail":0,"footnotes":""},"class_list":["post-75","page","type-page","status-publish","hentry"],"_links":{"self":[{"href":"https:\/\/gh-bitz.de\/index.php\/wp-json\/wp\/v2\/pages\/75","targetHints":{"allow":["GET"]}}],"collection":[{"href":"https:\/\/gh-bitz.de\/index.php\/wp-json\/wp\/v2\/pages"}],"about":[{"href":"https:\/\/gh-bitz.de\/index.php\/wp-json\/wp\/v2\/types\/page"}],"author":[{"embeddable":true,"href":"https:\/\/gh-bitz.de\/index.php\/wp-json\/wp\/v2\/users\/1"}],"replies":[{"embeddable":true,"href":"https:\/\/gh-bitz.de\/index.php\/wp-json\/wp\/v2\/comments?post=75"}],"version-history":[{"count":13,"href":"https:\/\/gh-bitz.de\/index.php\/wp-json\/wp\/v2\/pages\/75\/revisions"}],"predecessor-version":[{"id":456,"href":"https:\/\/gh-bitz.de\/index.php\/wp-json\/wp\/v2\/pages\/75\/revisions\/456"}],"wp:attachment":[{"href":"https:\/\/gh-bitz.de\/index.php\/wp-json\/wp\/v2\/media?parent=75"}],"curies":[{"name":"wp","href":"https:\/\/api.w.org\/{rel}","templated":true}]}}