{"id":83,"date":"2021-08-25T10:29:15","date_gmt":"2021-08-25T10:29:15","guid":{"rendered":"https:\/\/gh-bitz.de\/?page_id=83"},"modified":"2025-02-02T19:29:52","modified_gmt":"2025-02-02T19:29:52","slug":"metamorphose","status":"publish","type":"page","link":"https:\/\/gh-bitz.de\/index.php\/metamorphose\/","title":{"rendered":"Metamorphose"},"content":{"rendered":"\r\n<p>Unsere Wirbels\u00e4ule ist weit mehr als ein Knochenger\u00fcst. Sie ist unsere Lebensader und Verbindung zum Kosmos. Alle unsere karmischen, schicksalhaften und pr\u00e4natalen Vorgaben, die wir mit ins Leben bringen sind in ihr als Informationstr\u00e4ger gespeichert. Der Mensch als mehrdimensionales Wesen besteht aus einer Vielzahl von Energiek\u00f6rpern, die mit dem g\u00f6ttlichen Funken, dem h\u00f6heren Selbst und ihrer wahren Mensch-Identit\u00e4t kommunizieren. Sie ist unsere Lebensquelle und eine eigenst\u00e4ndige Intelligenz, ein hochsensibles geistiges Instrument, das nur heilbar ist, wenn man sich allumfassend wirkender Geisteskr\u00e4fte bedient. F\u00fcr jeden Menschen sollte die geistige Heilung der Wirbels\u00e4ule an erster Stelle stehen.<\/p>\r\n\r\n\r\n\r\n<p>Die Anwendung auf die vorgeburtliche Entwicklung und des Lebenskalenders erfolgt ausschlie\u00dflich auf den Wirbels\u00e4ulenzonen der beiden F\u00fc\u00dfe, beider H\u00e4nde und der Wirbels\u00e4ulenzone am Hinterkopf.<\/p>\r\n\r\n\r\n\r\n<p>Dauer ca. 1 &#8211; 1,5 Stunden<\/p>\r\n\r\n\r\n\r\n<p><strong>\u201eMan braucht nicht immer einen Plan, <\/strong><strong>manchmal muss man einfach atmen, <\/strong><strong>vertrauen, loslassen und sehen, <\/strong><strong>was passiert.\u201c<br>(Mandy Hale)<br><\/strong><\/p>\r\n\r\n\r\n\r\n<p>&nbsp;<\/p>\r\n\r\n\r\n\r\n<p>Wenn hier von Heilung gesprochen wird, handelt es sich nicht um Heilung im medizinischen Sinn. Sie ersetzt nicht den Besuch eines Arztes oder Heilpraktikers.<\/p>\r\n<p><a href=\"https:\/\/gh-bitz.de\/wp-content\/uploads\/2021\/09\/IMG_20210913_103732-scaled.jpg\"><img loading=\"lazy\" decoding=\"async\" class=\"size-full wp-image-360\" src=\"https:\/\/gh-bitz.de\/wp-content\/uploads\/2021\/09\/IMG_20210913_103732-scaled.jpg\" alt=\"Metamorphose\" width=\"1920\" height=\"2560\" srcset=\"https:\/\/gh-bitz.de\/wp-content\/uploads\/2021\/09\/IMG_20210913_103732-scaled.jpg 1920w, https:\/\/gh-bitz.de\/wp-content\/uploads\/2021\/09\/IMG_20210913_103732-225x300.jpg 225w, https:\/\/gh-bitz.de\/wp-content\/uploads\/2021\/09\/IMG_20210913_103732-1152x1536.jpg 1152w, https:\/\/gh-bitz.de\/wp-content\/uploads\/2021\/09\/IMG_20210913_103732-1536x2048.jpg 1536w\" sizes=\"auto, (max-width: 706px) 89vw, (max-width: 767px) 82vw, 740px\" \/><\/a><\/p>\r\n","protected":false},"excerpt":{"rendered":"<p>Unsere Wirbels\u00e4ule ist weit mehr als ein Knochenger\u00fcst. Sie ist unsere Lebensader und Verbindung zum Kosmos. Alle unsere karmischen, schicksalhaften und pr\u00e4natalen Vorgaben, die wir mit ins Leben bringen sind in ihr als Informationstr\u00e4ger gespeichert. Der Mensch als mehrdimensionales Wesen besteht aus einer Vielzahl von Energiek\u00f6rpern, die mit dem g\u00f6ttlichen Funken, dem h\u00f6heren Selbst und &hellip; <\/p>\n<p class=\"link-more\"><a href=\"https:\/\/gh-bitz.de\/index.php\/metamorphose\/\" class=\"more-link\">Continue reading<span class=\"screen-reader-text\"> &#8220;Metamorphose&#8221;<\/span><\/a><\/p>\n","protected":false},"author":1,"featured_media":0,"parent":0,"menu_order":0,"comment_status":"closed","ping_status":"closed","template":"","meta":{"ngg_post_thumbnail":0,"footnotes":""},"class_list":["post-83","page","type-page","status-publish","hentry"],"_links":{"self":[{"href":"https:\/\/gh-bitz.de\/index.php\/wp-json\/wp\/v2\/pages\/83","targetHints":{"allow":["GET"]}}],"collection":[{"href":"https:\/\/gh-bitz.de\/index.php\/wp-json\/wp\/v2\/pages"}],"about":[{"href":"https:\/\/gh-bitz.de\/index.php\/wp-json\/wp\/v2\/types\/page"}],"author":[{"embeddable":true,"href":"https:\/\/gh-bitz.de\/index.php\/wp-json\/wp\/v2\/users\/1"}],"replies":[{"embeddable":true,"href":"https:\/\/gh-bitz.de\/index.php\/wp-json\/wp\/v2\/comments?post=83"}],"version-history":[{"count":8,"href":"https:\/\/gh-bitz.de\/index.php\/wp-json\/wp\/v2\/pages\/83\/revisions"}],"predecessor-version":[{"id":486,"href":"https:\/\/gh-bitz.de\/index.php\/wp-json\/wp\/v2\/pages\/83\/revisions\/486"}],"wp:attachment":[{"href":"https:\/\/gh-bitz.de\/index.php\/wp-json\/wp\/v2\/media?parent=83"}],"curies":[{"name":"wp","href":"https:\/\/api.w.org\/{rel}","templated":true}]}}