{"id":85,"date":"2021-08-25T10:29:38","date_gmt":"2021-08-25T10:29:38","guid":{"rendered":"https:\/\/gh-bitz.de\/?page_id=85"},"modified":"2021-09-18T17:58:13","modified_gmt":"2021-09-18T17:58:13","slug":"geistige-chirurgie","status":"publish","type":"page","link":"https:\/\/gh-bitz.de\/index.php\/geistige-chirurgie\/","title":{"rendered":"Geistige Chirurgie\/Kristallheilung"},"content":{"rendered":"\r\n<p>Organheilung &#8211; Organr\u00fccktransplantologie<\/p>\r\n\r\n\r\n\r\n<p>Bei der Geistigen Chirurgie wird mit Kristallen gearbeitet. Die M\u00f6glichkeit, Lichtkraft in einem hohen Ma\u00df zu aktivieren, ist w\u00e4hrend Kristallbehandlungen au\u00dferordentlich gro\u00df, da die Frequenzen der Steine sich hier mit dem elektromagnetischen Feld des Menschen verbinden. Man hat Zugang zu inneren Bereichen, die sonst verborgen sind, au\u00dferdem werden h\u00f6here Dimensionen der Wirklichkeit ersp\u00fcrbar.<\/p>\r\n<p><img loading=\"lazy\" decoding=\"async\" class=\" wp-image-419 alignright\" src=\"https:\/\/gh-bitz.de\/wp-content\/uploads\/2021\/09\/IMG_20210918_112823-scaled.jpg\" alt=\"Geistige Chirurgie\/Kristallheilung\" width=\"251\" height=\"335\" srcset=\"https:\/\/gh-bitz.de\/wp-content\/uploads\/2021\/09\/IMG_20210918_112823-scaled.jpg 1920w, https:\/\/gh-bitz.de\/wp-content\/uploads\/2021\/09\/IMG_20210918_112823-225x300.jpg 225w, https:\/\/gh-bitz.de\/wp-content\/uploads\/2021\/09\/IMG_20210918_112823-1152x1536.jpg 1152w, https:\/\/gh-bitz.de\/wp-content\/uploads\/2021\/09\/IMG_20210918_112823-1536x2048.jpg 1536w\" sizes=\"auto, (max-width: 251px) 100vw, 251px\" \/><\/p>\r\n\r\n\r\n\r\n<p>Bei allen energetischen Anwendungen, aber hier ganz besonders, ist es wichtig, dass der Klient bereit ist ins Vertrauen zu gehen, flie\u00dfen lassen, los lassen und Gesundheit akzeptieren.<\/p>\r\n\r\n\r\n\r\n<p>Es k\u00f6nnen einzelne Organe energetisch behandelt bzw. r\u00fccktransplantiert werden, Implantate zu k\u00f6rpereigenen Substanzen umgewandelt werden. Die Zellen freuen sich, wenn sie nicht l\u00e4nger nach dem entnommenen Organ suchen m\u00fcssen.<\/p>\r\n\r\n\r\n\r\n<p>Selbstverst\u00e4ndlich geh\u00f6rt zu dieser Anwendung auch ein ausf\u00fchrliches Gespr\u00e4ch<\/p>\r\n\r\n\r\n\r\n<p>Dauer ab 1 Stunde<\/p>\r\n\r\n\r\n\r\n<p><strong>&#8220;Kein Bedauern kann die Vergangenheit \u00e4ndern.<br>Keine Angst kann die Zukunft \u00e4ndern.<br>Dankbarkeit&nbsp;jedoch ver\u00e4ndert die Gegenwart.&#8221;<\/strong><\/p>\r\n\r\n\r\n\r\n<p>&nbsp;<\/p>\r\n\r\n\r\n\r\n<p>Wenn hier von Heilung gesprochen wird, handelt es sich nicht um Heilung im medizinischen Sinn. Sie ersetzt nicht den Besuch eines Arztes oder Heilpraktikers. <\/p>\r\n","protected":false},"excerpt":{"rendered":"<p>Organheilung &#8211; Organr\u00fccktransplantologie Bei der Geistigen Chirurgie wird mit Kristallen gearbeitet. Die M\u00f6glichkeit, Lichtkraft in einem hohen Ma\u00df zu aktivieren, ist w\u00e4hrend Kristallbehandlungen au\u00dferordentlich gro\u00df, da die Frequenzen der Steine sich hier mit dem elektromagnetischen Feld des Menschen verbinden. Man hat Zugang zu inneren Bereichen, die sonst verborgen sind, au\u00dferdem werden h\u00f6here Dimensionen der Wirklichkeit &hellip; <\/p>\n<p class=\"link-more\"><a href=\"https:\/\/gh-bitz.de\/index.php\/geistige-chirurgie\/\" class=\"more-link\">Continue reading<span class=\"screen-reader-text\"> &#8220;Geistige Chirurgie\/Kristallheilung&#8221;<\/span><\/a><\/p>\n","protected":false},"author":1,"featured_media":0,"parent":0,"menu_order":0,"comment_status":"closed","ping_status":"closed","template":"","meta":{"ngg_post_thumbnail":0,"footnotes":""},"class_list":["post-85","page","type-page","status-publish","hentry"],"_links":{"self":[{"href":"https:\/\/gh-bitz.de\/index.php\/wp-json\/wp\/v2\/pages\/85","targetHints":{"allow":["GET"]}}],"collection":[{"href":"https:\/\/gh-bitz.de\/index.php\/wp-json\/wp\/v2\/pages"}],"about":[{"href":"https:\/\/gh-bitz.de\/index.php\/wp-json\/wp\/v2\/types\/page"}],"author":[{"embeddable":true,"href":"https:\/\/gh-bitz.de\/index.php\/wp-json\/wp\/v2\/users\/1"}],"replies":[{"embeddable":true,"href":"https:\/\/gh-bitz.de\/index.php\/wp-json\/wp\/v2\/comments?post=85"}],"version-history":[{"count":7,"href":"https:\/\/gh-bitz.de\/index.php\/wp-json\/wp\/v2\/pages\/85\/revisions"}],"predecessor-version":[{"id":425,"href":"https:\/\/gh-bitz.de\/index.php\/wp-json\/wp\/v2\/pages\/85\/revisions\/425"}],"wp:attachment":[{"href":"https:\/\/gh-bitz.de\/index.php\/wp-json\/wp\/v2\/media?parent=85"}],"curies":[{"name":"wp","href":"https:\/\/api.w.org\/{rel}","templated":true}]}}