{"id":87,"date":"2021-08-25T10:29:56","date_gmt":"2021-08-25T10:29:56","guid":{"rendered":"https:\/\/gh-bitz.de\/?page_id=87"},"modified":"2021-09-17T19:38:45","modified_gmt":"2021-09-17T19:38:45","slug":"geistige-homoopathie","status":"publish","type":"page","link":"https:\/\/gh-bitz.de\/index.php\/geistige-homoopathie\/","title":{"rendered":"Geistige Hom\u00f6opathie"},"content":{"rendered":"\r\n<p>Die neue Hom\u00f6opathie &#8211; Heilen mit Symbolen<\/p>\r\n\r\n\r\n\r\n<p>Nach Erich K\u00f6rbler &#8211; einem Pionier in der Anerkennung der Schwingungslehre &#8211; ist sie eine Schwingungslehre, die mit dem Energiek\u00f6rper des Menschen in Resonanz tritt.<\/p>\r\n\r\n\r\n\r\n<p>Dem Heiler stehen mehrere Symbole zur Verf\u00fcgung. Mit Hilfe von Heilst\u00e4ben wird ermittelt, welche Symbole f\u00fcr den Menschen die richtigen sind. Bei dieser Anwendung werden diese Symbole auf den K\u00f6rper gezeichnet. Die Symbole und Stellen werden \u00fcber die Heilst\u00e4be von h\u00f6heren Intelligenzen festgelegt. Das Symbol muss so lange erneuert werden, bis Schmerzfreiheit eingetreten ist. Das kann auch vom Klienten selbst erfolgen.<\/p>\r\n\r\n\r\n\r\n<p>Die Symbole sollten nach einiger Zeit kontrolliert werden, da es oft der Fall ist, dass zu einem sp\u00e4teren Zeitpunkt ein anderes Symbol ben\u00f6tigt wird. Die Anwendung der Symbole kann niemals schaden. Die Symbole sind reine Informationstr\u00e4ger, die in Form von Wechselwirkung elektrodynamische Wellen erzeugen und in der Lage sind, diese auch umzupolen. Es er\u00f6ffnet sich eine neue Dimension der energetischen Medizin.<\/p>\r\n\r\n\r\n\r\n<p>Die zugrunde liegende Erkenntnis der Neuen Hom\u00f6opathie ist folgende: Ein lebender Organismus wird von vielen unterschiedlichen Stoffen, auf k\u00f6rperlicher wie geistiger Ebene mit unterschiedlicher Intensit\u00e4t und Qualit\u00e4t von Nachrichteninhalten angestrahlt, was wiederum im K\u00f6rper unterschiedliche Reaktionen ausl\u00f6st, woduch es zu Disharmonien (Krankheiten) kommt.<\/p>\r\n<p><img loading=\"lazy\" decoding=\"async\" class=\"wp-image-392 alignright\" src=\"https:\/\/gh-bitz.de\/wp-content\/uploads\/2021\/09\/DSC_1636-scaled.jpg\" alt=\"Geistige Hom\u00f6opathie\" width=\"251\" height=\"377\" srcset=\"https:\/\/gh-bitz.de\/wp-content\/uploads\/2021\/09\/DSC_1636-scaled.jpg 1707w, https:\/\/gh-bitz.de\/wp-content\/uploads\/2021\/09\/DSC_1636-200x300.jpg 200w, https:\/\/gh-bitz.de\/wp-content\/uploads\/2021\/09\/DSC_1636-1365x2048.jpg 1365w\" sizes=\"auto, (max-width: 251px) 100vw, 251px\" \/><\/p>\r\n\r\n\r\n\r\n<p>Bei dieser Anwendung wird ein Ausgleich der Energiezentren mit angeboten<\/p>\r\n\r\n\r\n\r\n<p>Dauer sehr unterschiedlich aber mindestens 1 Stunde<\/p>\r\n<p><strong>&#8220;Einer der gl\u00fccklichsten Momente im Leben ist,<br>wenn man den Mut findet, loszulassen,<br>was man nicht \u00e4ndern kann.&#8221;<br><\/strong><\/p>\r\n\r\n\r\n\r\n\r\n\r\n<p>&nbsp;<\/p>\r\n\r\n\r\n\r\n<p>Wenn hier von Heilung gesprochen wird, handelt es sich nicht um Heilung im medizinischen Sinn. Sie ersetzt nicht den Besuch eines Arztes oder Heilpraktikers.<\/p>\r\n","protected":false},"excerpt":{"rendered":"<p>Die neue Hom\u00f6opathie &#8211; Heilen mit Symbolen Nach Erich K\u00f6rbler &#8211; einem Pionier in der Anerkennung der Schwingungslehre &#8211; ist sie eine Schwingungslehre, die mit dem Energiek\u00f6rper des Menschen in Resonanz tritt. Dem Heiler stehen mehrere Symbole zur Verf\u00fcgung. Mit Hilfe von Heilst\u00e4ben wird ermittelt, welche Symbole f\u00fcr den Menschen die richtigen sind. Bei dieser &hellip; <\/p>\n<p class=\"link-more\"><a href=\"https:\/\/gh-bitz.de\/index.php\/geistige-homoopathie\/\" class=\"more-link\">Continue reading<span class=\"screen-reader-text\"> &#8220;Geistige Hom\u00f6opathie&#8221;<\/span><\/a><\/p>\n","protected":false},"author":1,"featured_media":0,"parent":0,"menu_order":0,"comment_status":"closed","ping_status":"closed","template":"","meta":{"ngg_post_thumbnail":0,"footnotes":""},"class_list":["post-87","page","type-page","status-publish","hentry"],"_links":{"self":[{"href":"https:\/\/gh-bitz.de\/index.php\/wp-json\/wp\/v2\/pages\/87","targetHints":{"allow":["GET"]}}],"collection":[{"href":"https:\/\/gh-bitz.de\/index.php\/wp-json\/wp\/v2\/pages"}],"about":[{"href":"https:\/\/gh-bitz.de\/index.php\/wp-json\/wp\/v2\/types\/page"}],"author":[{"embeddable":true,"href":"https:\/\/gh-bitz.de\/index.php\/wp-json\/wp\/v2\/users\/1"}],"replies":[{"embeddable":true,"href":"https:\/\/gh-bitz.de\/index.php\/wp-json\/wp\/v2\/comments?post=87"}],"version-history":[{"count":7,"href":"https:\/\/gh-bitz.de\/index.php\/wp-json\/wp\/v2\/pages\/87\/revisions"}],"predecessor-version":[{"id":394,"href":"https:\/\/gh-bitz.de\/index.php\/wp-json\/wp\/v2\/pages\/87\/revisions\/394"}],"wp:attachment":[{"href":"https:\/\/gh-bitz.de\/index.php\/wp-json\/wp\/v2\/media?parent=87"}],"curies":[{"name":"wp","href":"https:\/\/api.w.org\/{rel}","templated":true}]}}