{"id":89,"date":"2021-08-25T10:30:14","date_gmt":"2021-08-25T10:30:14","guid":{"rendered":"https:\/\/gh-bitz.de\/?page_id=89"},"modified":"2021-09-18T17:56:24","modified_gmt":"2021-09-18T17:56:24","slug":"heilkarten","status":"publish","type":"page","link":"https:\/\/gh-bitz.de\/index.php\/heilkarten\/","title":{"rendered":"Heilkarten"},"content":{"rendered":"\r\n<p>F\u00fcr jedes Anliegen, f\u00fcr jede Situation kann idividuell eine Heilkarte erstellt werden.<\/p>\r\n\r\n\r\n\r\n<p>Die Heilkarte ist ein energetisch geladenes Werkzeug zur Erlangung von Gesundheit, innerem Frieden, St\u00e4rkung des Immunsystems, loslassen von \u00c4ngsten, mehr Mut, Gelassenheit, Gewichtsver\u00e4nderungen, Lebensfreude&#8230;<\/p>\r\n<p><img loading=\"lazy\" decoding=\"async\" class=\"wp-image-418 alignright\" src=\"https:\/\/gh-bitz.de\/wp-content\/uploads\/2021\/09\/IMG_20210918_112701-scaled.jpg\" alt=\"Heilkarten\" width=\"223\" height=\"297\" srcset=\"https:\/\/gh-bitz.de\/wp-content\/uploads\/2021\/09\/IMG_20210918_112701-scaled.jpg 1920w, https:\/\/gh-bitz.de\/wp-content\/uploads\/2021\/09\/IMG_20210918_112701-225x300.jpg 225w, https:\/\/gh-bitz.de\/wp-content\/uploads\/2021\/09\/IMG_20210918_112701-1152x1536.jpg 1152w, https:\/\/gh-bitz.de\/wp-content\/uploads\/2021\/09\/IMG_20210918_112701-1536x2048.jpg 1536w\" sizes=\"auto, (max-width: 223px) 100vw, 223px\" \/><\/p>\r\n\r\n\r\n\r\n<p>Die Heilkarte jeden Tag mindestens 2 Minuten anschauen, zwischen den H\u00e4nden halten oder drauf stellen. Die Karte wirkt auf der zellul\u00e4ren Ebene. Es ist sofort eine Ver\u00e4nderung im K\u00f6rper sp\u00fcrbar.<\/p>\r\n\r\n\r\n\r\n<p>Nach einem ausf\u00fchrlichen Gespr\u00e4ch, was der Person wichtig ist zu erlangen, wird die Heilkarte hergestellt.<\/p>\r\n\r\n\r\n\r\n<p>je Karte 25,- \u20ac<\/p>\r\n\r\n\r\n\r\n<p>Die Herstellung und Programmierung der Heilkarten durfte ich bei Anne H\u00fcbner erlernen, sie sagt: <strong>Die Heilkarten sind die Medizin der Zukunft und die Zukunft der Medizin.<\/strong><\/p>\r\n\r\n\r\n\r\n<p>&nbsp;<\/p>\r\n\r\n\r\n\r\n<p>Wenn hier von Heilung gesprochen wird, handelt es sich nicht um Heilung im medizinischen Sinn. Sie ersetzt nicht den Besuch eines Arztes oder Heilpraktikers.<\/p>\r\n","protected":false},"excerpt":{"rendered":"<p>F\u00fcr jedes Anliegen, f\u00fcr jede Situation kann idividuell eine Heilkarte erstellt werden. Die Heilkarte ist ein energetisch geladenes Werkzeug zur Erlangung von Gesundheit, innerem Frieden, St\u00e4rkung des Immunsystems, loslassen von \u00c4ngsten, mehr Mut, Gelassenheit, Gewichtsver\u00e4nderungen, Lebensfreude&#8230; Die Heilkarte jeden Tag mindestens 2 Minuten anschauen, zwischen den H\u00e4nden halten oder drauf stellen. Die Karte wirkt auf &hellip; <\/p>\n<p class=\"link-more\"><a href=\"https:\/\/gh-bitz.de\/index.php\/heilkarten\/\" class=\"more-link\">Continue reading<span class=\"screen-reader-text\"> &#8220;Heilkarten&#8221;<\/span><\/a><\/p>\n","protected":false},"author":1,"featured_media":0,"parent":0,"menu_order":0,"comment_status":"closed","ping_status":"closed","template":"","meta":{"ngg_post_thumbnail":0,"footnotes":""},"class_list":["post-89","page","type-page","status-publish","hentry"],"_links":{"self":[{"href":"https:\/\/gh-bitz.de\/index.php\/wp-json\/wp\/v2\/pages\/89","targetHints":{"allow":["GET"]}}],"collection":[{"href":"https:\/\/gh-bitz.de\/index.php\/wp-json\/wp\/v2\/pages"}],"about":[{"href":"https:\/\/gh-bitz.de\/index.php\/wp-json\/wp\/v2\/types\/page"}],"author":[{"embeddable":true,"href":"https:\/\/gh-bitz.de\/index.php\/wp-json\/wp\/v2\/users\/1"}],"replies":[{"embeddable":true,"href":"https:\/\/gh-bitz.de\/index.php\/wp-json\/wp\/v2\/comments?post=89"}],"version-history":[{"count":7,"href":"https:\/\/gh-bitz.de\/index.php\/wp-json\/wp\/v2\/pages\/89\/revisions"}],"predecessor-version":[{"id":423,"href":"https:\/\/gh-bitz.de\/index.php\/wp-json\/wp\/v2\/pages\/89\/revisions\/423"}],"wp:attachment":[{"href":"https:\/\/gh-bitz.de\/index.php\/wp-json\/wp\/v2\/media?parent=89"}],"curies":[{"name":"wp","href":"https:\/\/api.w.org\/{rel}","templated":true}]}}