{"id":91,"date":"2021-08-25T10:30:34","date_gmt":"2021-08-25T10:30:34","guid":{"rendered":"https:\/\/gh-bitz.de\/?page_id=91"},"modified":"2021-09-13T08:58:33","modified_gmt":"2021-09-13T08:58:33","slug":"quantenheilung","status":"publish","type":"page","link":"https:\/\/gh-bitz.de\/index.php\/quantenheilung\/","title":{"rendered":"Quantenheilung"},"content":{"rendered":"\n<p>Bei der Quantenheilung k\u00f6nnen sowohl psychische als auch physische Leiden geheilt werden.<\/p>\n\n\n\n<p>Quantenheilung ist eine schnelle und wirkungsvolle Methode, die Schmerz lindert und Heilung f\u00f6rdert. Sie funktioniert mit einer sanften Ber\u00fchrung, die das autonome Nervensystem aktiviert, um augenblicklich eine Atmosph\u00e4re zu kreieren, in der tiefgreifende Heilung stattfinden kann. Entwickelt hat diese wissenschaftlich belegte Methode der amerikanische Chiropraktiker Dr. Frank Kinslow.<\/p>\n\n\n\n<p>Egal ob Sie physischer, emotionaler, mentaler oder spiritueller Heilung bed\u00fcrfen \u2013 Sie brauchen tiefe Ruhe. Je tiefer die Ruhe, umso tiefer ist die Heilung. Es handelt sich um eine Methode, die K\u00f6rper und Geist rasch in eine tiefe Ruhe versetzt, die Ihre Selbstheilungskr\u00e4fte aktiviert und Blockaden, die der Heilung im Weg stehen, aufhebt. Durch die Verbindung mit dem reinen Gewahrsein wird das ausgel\u00f6st, was geschehen soll, d.h., was in diesem Moment am besten f\u00fcr Sie ist. Im besten Fall h\u00e4ngt das mit dem aktuell sp\u00fcrbaren Problem zusammen, was aber nicht immer der Fall ist. Es ist daher lohnenswert, zu beobachten, was sich in den n\u00e4chsten Tagen nach der Quantenheilung alles im Leben einstellt. Ver\u00e4nderungen k\u00f6nnen sowohl auf der k\u00f6rperlichen als auch auf der mentalen Ebene eintreten. Nach einer Quantenheilung nehmen Klienten Probleme oft komplett anders war als zuvor. Es \u00f6ffnen sich neue Dimensionen.<\/p>\n\n\n\n<p>Nachdem Sie kurz Ihr Problem, das Sie besch\u00e4ftigt (Schmerzen,\u00c4ngste, Finanzen, Beziehung etc.) beschrieben haben, erfolgt, wenn m\u00f6glich, ein entsprechender Vortest. Dann wird die Absicht der Sitzung festgelegt, und die eigentliche Quantenheilung beginnt.  Um die ersten Ergebnisse einsch\u00e4tzen zu k\u00f6nnen, wird anschlie\u00dfend ein Nachtest durchgef\u00fchrt. Sie m\u00fcssen w\u00e4hrend der Sitzung nichts tun\u2026 es ist sogar w\u00fcnschenswert, nichts zu tun und an nichts zu denken!<\/p>\n\n\n\n<p>Es gibt keinen Bereich, der ausgeschlossen werden muss. Manche Sachen schleppen wir schon sehr lange mit uns mit. Wenn wir auf diese Art unser Energiefeld kl\u00e4ren, werden wir automatisch auch Dinge und Menschen anziehen, die angenehmer f\u00fcr uns sind, gem\u00e4ss dem Gesetz der Anziehung. Wir bekommen eine andere Ausstrahlung und f\u00fchlen uns besser. Die Transformationswirkung wird von der eigenen Vorstellungskraft begrenzt. Wichtig ist daher die Bereitschaft, zu erkennen, dass die Seele alle F\u00e4higkeiten zur Ver\u00e4nderung in sich tr\u00e4gt. <\/p>\n\n\n\n<p><strong>&#8220;Es f\u00fchlt sich sehr befreiend an, kein Opfer seiner Umst\u00e4nde mehr zu sein<br>indem man sich bewusst ist, dass das Innerste das \u00c4u\u00dfere mitgestaltet.<br>Wenn wir davon ausgehen, dass alles Energie ist, ist nichts Zufall,<br>sondern formt sich anhand dessen, was wir senden und empfangen.&#8221;<br>(Oliver Ribbert)<\/strong><br><\/p>\n\n\n\n<p><\/p>\n\n\n\n<p> Wenn hier von Heilung gesprochen wird, handelt es sich nicht um Heilung im medizinischen Sinn. Sie ersetzt nicht den Besuch eines Arztes oder Heilpraktikers. <\/p>\n","protected":false},"excerpt":{"rendered":"<p>Bei der Quantenheilung k\u00f6nnen sowohl psychische als auch physische Leiden geheilt werden. Quantenheilung ist eine schnelle und wirkungsvolle Methode, die Schmerz lindert und Heilung f\u00f6rdert. Sie funktioniert mit einer sanften Ber\u00fchrung, die das autonome Nervensystem aktiviert, um augenblicklich eine Atmosph\u00e4re zu kreieren, in der tiefgreifende Heilung stattfinden kann. Entwickelt hat diese wissenschaftlich belegte Methode der &hellip; <\/p>\n<p class=\"link-more\"><a href=\"https:\/\/gh-bitz.de\/index.php\/quantenheilung\/\" class=\"more-link\">Continue reading<span class=\"screen-reader-text\"> &#8220;Quantenheilung&#8221;<\/span><\/a><\/p>\n","protected":false},"author":1,"featured_media":0,"parent":0,"menu_order":0,"comment_status":"closed","ping_status":"closed","template":"","meta":{"ngg_post_thumbnail":0,"footnotes":""},"class_list":["post-91","page","type-page","status-publish","hentry"],"_links":{"self":[{"href":"https:\/\/gh-bitz.de\/index.php\/wp-json\/wp\/v2\/pages\/91","targetHints":{"allow":["GET"]}}],"collection":[{"href":"https:\/\/gh-bitz.de\/index.php\/wp-json\/wp\/v2\/pages"}],"about":[{"href":"https:\/\/gh-bitz.de\/index.php\/wp-json\/wp\/v2\/types\/page"}],"author":[{"embeddable":true,"href":"https:\/\/gh-bitz.de\/index.php\/wp-json\/wp\/v2\/users\/1"}],"replies":[{"embeddable":true,"href":"https:\/\/gh-bitz.de\/index.php\/wp-json\/wp\/v2\/comments?post=91"}],"version-history":[{"count":6,"href":"https:\/\/gh-bitz.de\/index.php\/wp-json\/wp\/v2\/pages\/91\/revisions"}],"predecessor-version":[{"id":290,"href":"https:\/\/gh-bitz.de\/index.php\/wp-json\/wp\/v2\/pages\/91\/revisions\/290"}],"wp:attachment":[{"href":"https:\/\/gh-bitz.de\/index.php\/wp-json\/wp\/v2\/media?parent=91"}],"curies":[{"name":"wp","href":"https:\/\/api.w.org\/{rel}","templated":true}]}}