{"id":93,"date":"2021-08-25T10:30:56","date_gmt":"2021-08-25T10:30:56","guid":{"rendered":"https:\/\/gh-bitz.de\/?page_id=93"},"modified":"2021-09-18T10:50:03","modified_gmt":"2021-09-18T10:50:03","slug":"access-bars","status":"publish","type":"page","link":"https:\/\/gh-bitz.de\/index.php\/access-bars\/","title":{"rendered":"Access Bars"},"content":{"rendered":"\r\n<p>&nbsp;<\/p>\r\n\r\n\r\n\r\n<p>Bei einer Access Bars\u00ae Sitzung werden 32 Punkte am Kopf sanft ber\u00fchrt. Daduch kann m\u00fchelos alles losgelassen werden, was einem nicht erlaubt zu empfangen. Es ist so, als w\u00fcrde man die L\u00f6schtaste am Computer dr\u00fccken.<\/p>\r\n<p><img loading=\"lazy\" decoding=\"async\" class=\"wp-image-398  alignright\" src=\"https:\/\/gh-bitz.de\/wp-content\/uploads\/2021\/09\/DSC_1632-1-scaled.jpg\" alt=\"Access Bars\" width=\"283\" height=\"424\" srcset=\"https:\/\/gh-bitz.de\/wp-content\/uploads\/2021\/09\/DSC_1632-1-scaled.jpg 1707w, https:\/\/gh-bitz.de\/wp-content\/uploads\/2021\/09\/DSC_1632-1-200x300.jpg 200w, https:\/\/gh-bitz.de\/wp-content\/uploads\/2021\/09\/DSC_1632-1-1365x2048.jpg 1365w\" sizes=\"auto, (max-width: 283px) 100vw, 283px\" \/><\/p>\r\n\r\n\r\n\r\n<p>Wir haben schon fr\u00fch in unserem Leben gelernt, dass es angemessen ist zu bewerten und dass man das in dieser Welt so macht. Bewusstsein ist die F\u00e4higkeit, in jedem Moment des Lebens pr\u00e4sent zu sein, ohne sich oder andere zu bewerten. Es ist die F\u00e4higkeit, alles zu empfangen, nichts abzulehnen und alles, was man sich im Leben w\u00fcnscht zu kreieren &#8211; besser als das, was man gerade hat, und mehr, als man sich vorstellen kann.<\/p>\r\n\r\n\r\n\r\n<p>Die Access Bars\u00ae haben Tausenden von Menschen geholfen, viele Aspekte ihres Lebens zu ver\u00e4ndern. Die Leute berichten von besserer Gesundheit, erholsamerem Schlaf, Gewichtsverlust, besseren Beziehungen, Linderung von Angstzust\u00e4nden, weniger Stress und vielem mehr.<\/p>\r\n\r\n\r\n\r\n<p>Erschlie\u00dfe den Raum, du selbst zu sein.<\/p>\r\n\r\n\r\n\r\n<p>Dauer ca. 1,5 Stunden<\/p>\r\n\r\n\r\n\r\n<p><strong>&#8220;Das Einzige, was jemals&nbsp;nicht richtig mit mir war,<br>war mein Glaube daran, dass etwas nicht richtig mit mir war.&#8221;<\/strong><br>(Glennon Doyle)<\/p>\r\n\r\n\r\n\r\n<p>&nbsp;<\/p>\r\n\r\n\r\n\r\n<p>Wenn hier von Heilung gesprochen wird, handelt es sich nicht um Heilung im medizinischen Sinn. Sie ersetzt nicht den Besuch eines Arztes oder Heilpraktikers.<\/p>\r\n","protected":false},"excerpt":{"rendered":"<p>&nbsp; Bei einer Access Bars\u00ae Sitzung werden 32 Punkte am Kopf sanft ber\u00fchrt. Daduch kann m\u00fchelos alles losgelassen werden, was einem nicht erlaubt zu empfangen. Es ist so, als w\u00fcrde man die L\u00f6schtaste am Computer dr\u00fccken. Wir haben schon fr\u00fch in unserem Leben gelernt, dass es angemessen ist zu bewerten und dass man das in &hellip; <\/p>\n<p class=\"link-more\"><a href=\"https:\/\/gh-bitz.de\/index.php\/access-bars\/\" class=\"more-link\">Continue reading<span class=\"screen-reader-text\"> &#8220;Access Bars&#8221;<\/span><\/a><\/p>\n","protected":false},"author":1,"featured_media":0,"parent":0,"menu_order":0,"comment_status":"closed","ping_status":"closed","template":"","meta":{"ngg_post_thumbnail":0,"footnotes":""},"class_list":["post-93","page","type-page","status-publish","hentry"],"_links":{"self":[{"href":"https:\/\/gh-bitz.de\/index.php\/wp-json\/wp\/v2\/pages\/93","targetHints":{"allow":["GET"]}}],"collection":[{"href":"https:\/\/gh-bitz.de\/index.php\/wp-json\/wp\/v2\/pages"}],"about":[{"href":"https:\/\/gh-bitz.de\/index.php\/wp-json\/wp\/v2\/types\/page"}],"author":[{"embeddable":true,"href":"https:\/\/gh-bitz.de\/index.php\/wp-json\/wp\/v2\/users\/1"}],"replies":[{"embeddable":true,"href":"https:\/\/gh-bitz.de\/index.php\/wp-json\/wp\/v2\/comments?post=93"}],"version-history":[{"count":9,"href":"https:\/\/gh-bitz.de\/index.php\/wp-json\/wp\/v2\/pages\/93\/revisions"}],"predecessor-version":[{"id":412,"href":"https:\/\/gh-bitz.de\/index.php\/wp-json\/wp\/v2\/pages\/93\/revisions\/412"}],"wp:attachment":[{"href":"https:\/\/gh-bitz.de\/index.php\/wp-json\/wp\/v2\/media?parent=93"}],"curies":[{"name":"wp","href":"https:\/\/api.w.org\/{rel}","templated":true}]}}