{"id":95,"date":"2021-08-25T10:31:31","date_gmt":"2021-08-25T10:31:31","guid":{"rendered":"https:\/\/gh-bitz.de\/?page_id=95"},"modified":"2021-09-17T20:46:05","modified_gmt":"2021-09-17T20:46:05","slug":"entstrahlung","status":"publish","type":"page","link":"https:\/\/gh-bitz.de\/index.php\/entstrahlung\/","title":{"rendered":"Entstrahlung\/Entst\u00f6rung"},"content":{"rendered":"\r\n<p>Geistige Alchemie<\/p>\r\n\r\n\r\n\r\n<p>Seit vielen Jahren gibt es &#8211; und das immer vermehrt &#8211; Menschen, die sich durch elektromagnetische Felder und Wellen gesundheitlich beeintr\u00e4chtigt f\u00fchlen. Elektrosmog ist erst in j\u00fcngster Zeit als eine neue gef\u00e4hrliche Gesundheits- und Umweltbelastung erkannt worden, der wir alle st\u00e4ndig ausgesetzt sind. Vor allem das Gehirn- und Nervensystem, das f\u00fcr die Steuerung aller K\u00f6rperfunktionen nur mit elektromagnetischen Str\u00f6men und Signalen von unvorstellbar geringer Intensit\u00e4t arbeitet, ger\u00e4t durch die millionenfach st\u00e4rkere elektromagnetische Strahlung im Nahbereich vieler Elektroger\u00e4te und Stromleitungen, sowie durch fl\u00e4chendeckende Mobilfunk-Kommunikation in eine Stresssituation, die zu allgemeinen Funktionsst\u00f6rungen f\u00fchren kann.<\/p>\r\n\r\n\r\n\r\n<p>Mehr Infos auf der sehr guten Internetseite: www.risiko-elektrosmog.de<\/p>\r\n\r\n\r\n\r\n<p>Stresssymtome k\u00f6nnen sein: Schlafst\u00f6rungen, st\u00e4ndige M\u00fcdigkeit, Kopfschmerzen, Antriebslosigkeit, Nervosit\u00e4t, Konzentrations- und Ged\u00e4chtnisst\u00f6rungen, innere Unruhe, Verspannungen, erh\u00f6hter Blutdruck, Sehst\u00f6rungen, Denkblockaden, Schwindelgef\u00fchle&#8230; die Liste ist fast unendlich.<\/p>\r\n\r\n\r\n\r\n<p>Gerne kann ich Ihr Haus\/Wohnung mit allen Elektroger\u00e4ten entstrahlen und entst\u00f6ren. Oder auch nur das Auto, Handy, Sendemasten, Strommasten&#8230;<\/p>\r\n\r\n\r\n\r\n<p>Auf Wunsch k\u00f6nnen Immobilien auch von verstorbenen Seelen befreit werden. Jede Immobilie tr\u00e4gt energetisch die Schicksale der Bewohner von Anbeginn. U. a. durch Entst\u00f6rung und Raumreinigungen kann die Immobilie von diesen Belastungen befreit werden.<\/p>\r\n\r\n\r\n\r\n<h2 class=\"wp-block-heading\"><strong>Strahlenschutz&nbsp; &#8211;&nbsp; es ist so einfach!<\/strong><\/h2>\r\n\r\n\r\n\r\n<p>Erdstrahlen, Wasseradern, elektromagnetische Felder, Hochfrequenzen, kosmische Strahlungen, neu erzeugte synthetische Energien, R\u00f6ntgenstrahlen, Radioaktivit\u00e4t, Alpha-, Beta-, Gammastrahlen, Telefon-, Fernseh-, Computer-und Stereoanlagen, Mikrowellen, Halogenlampen, UV-Licht, Chemikalien, Holzschutzmittel, toxische Belastungen, Nahrungsmittel, Medikamente, Brillen, Uhren, Zahnersatzmetalle, Herzschrittmacher, k\u00fcnstliche H\u00fcftgelenke (Titan), einfach alles was negativ belastend f\u00fcr den menschlichen K\u00f6rper ist, erf\u00e4hrt eine Umwandlung zum Positiven!<\/p>\r\n\r\n\r\n\r\n<p><strong>Mit Hilfe der geistigen Welt, den Lichtwesen und Meistern der Lichtenergien k\u00f6nnen alle negativen Strahlenbelastungen von Windr\u00e4dern, Funkt\u00fcrmen, H\u00e4usern, Wohnungen, Arbeitspl\u00e4tzen, Autos, Handys und dergleichen dauerhaft aufgehoben werden. Der Geist siegt \u00fcber die Materie!<\/strong><\/p>\r\n\r\n\r\n\r\n<p>&nbsp;<\/p>\r\n\r\n\r\n\r\n<p>Wenn hier von Heilung gesprochen wird, handelt es sich nicht um Heilung im medizinischen Sinn. Sie ersetzt nicht den Besuch eines Arztes oder Heilpraktikers.<\/p>\r\n","protected":false},"excerpt":{"rendered":"<p>Geistige Alchemie Seit vielen Jahren gibt es &#8211; und das immer vermehrt &#8211; Menschen, die sich durch elektromagnetische Felder und Wellen gesundheitlich beeintr\u00e4chtigt f\u00fchlen. Elektrosmog ist erst in j\u00fcngster Zeit als eine neue gef\u00e4hrliche Gesundheits- und Umweltbelastung erkannt worden, der wir alle st\u00e4ndig ausgesetzt sind. Vor allem das Gehirn- und Nervensystem, das f\u00fcr die Steuerung &hellip; <\/p>\n<p class=\"link-more\"><a href=\"https:\/\/gh-bitz.de\/index.php\/entstrahlung\/\" class=\"more-link\">Continue reading<span class=\"screen-reader-text\"> &#8220;Entstrahlung\/Entst\u00f6rung&#8221;<\/span><\/a><\/p>\n","protected":false},"author":1,"featured_media":0,"parent":0,"menu_order":0,"comment_status":"closed","ping_status":"closed","template":"","meta":{"ngg_post_thumbnail":0,"footnotes":""},"class_list":["post-95","page","type-page","status-publish","hentry"],"_links":{"self":[{"href":"https:\/\/gh-bitz.de\/index.php\/wp-json\/wp\/v2\/pages\/95","targetHints":{"allow":["GET"]}}],"collection":[{"href":"https:\/\/gh-bitz.de\/index.php\/wp-json\/wp\/v2\/pages"}],"about":[{"href":"https:\/\/gh-bitz.de\/index.php\/wp-json\/wp\/v2\/types\/page"}],"author":[{"embeddable":true,"href":"https:\/\/gh-bitz.de\/index.php\/wp-json\/wp\/v2\/users\/1"}],"replies":[{"embeddable":true,"href":"https:\/\/gh-bitz.de\/index.php\/wp-json\/wp\/v2\/comments?post=95"}],"version-history":[{"count":9,"href":"https:\/\/gh-bitz.de\/index.php\/wp-json\/wp\/v2\/pages\/95\/revisions"}],"predecessor-version":[{"id":396,"href":"https:\/\/gh-bitz.de\/index.php\/wp-json\/wp\/v2\/pages\/95\/revisions\/396"}],"wp:attachment":[{"href":"https:\/\/gh-bitz.de\/index.php\/wp-json\/wp\/v2\/media?parent=95"}],"curies":[{"name":"wp","href":"https:\/\/api.w.org\/{rel}","templated":true}]}}