{"id":98,"date":"2021-08-25T10:31:48","date_gmt":"2021-08-25T10:31:48","guid":{"rendered":"https:\/\/gh-bitz.de\/?page_id=98"},"modified":"2021-09-17T20:46:33","modified_gmt":"2021-09-17T20:46:33","slug":"klangschalen","status":"publish","type":"page","link":"https:\/\/gh-bitz.de\/index.php\/klangschalen\/","title":{"rendered":"Klangschalen"},"content":{"rendered":"<p>&nbsp;<\/p>\r\n\r\n<p>ca. 70-80% unseres K\u00f6rpers bestehen aus Wasser. Wasser ist das Element, welches sich am leichtesten in Schwingungen versetzen l\u00e4sst.<\/p>\r\n\r\n\r\n\r\n<p>Die T\u00f6ne der Klangschalen versetzen uns augenblicklich in einen Zustand der Entspannung, sie ziehen uns auf besondere Weise an, k\u00f6nnen unsere Gehirnfrequenz verlangsamen und dem K\u00f6rper helfen, schneller zu entspannen und zur\u00fcck ins Gleichgewicht und Harmonie zu finden. Neue Lebensenergie steht uns sofort zur Verf\u00fcgung.<\/p>\r\n\r\n\r\n\r\n<p>Klangschalen bringen die Seele zum Flie\u00dfen, Zeit und Raum l\u00f6sen sich auf.<\/p>\r\n\r\n\r\n\r\n<p>Wenn der Klient es m\u00f6chte, k\u00f6nnen die Klangschalen fast jede Sitzung begleiten. Vielen Personen ist es m\u00f6glich, so leichter anzukommen, Blockaden herunterzufahren und sich auf die Sitzung einzulassen.<\/p>\r\n\r\n\r\n\r\n<p>Probieren Sie es aus&#8230;<\/p>\r\n\r\n\r\n\r\n<p><strong>&#8220;Eine Erinnerung ohne emotionale Ladung<br>wird als&nbsp;Weisheit bezeichnet.&#8221;<\/strong><br>(Dr. Joe Dispenza)<\/p>\r\n\r\n\r\n\r\n<p>Wenn hier von Heilung gesprochen wird, handelt es sich nicht um Heilung im medizinischen Sinn. Sie ersetzt nicht den Besuch eines Arztes oder Heilpraktikers.<\/p>\r\n<p><img loading=\"lazy\" decoding=\"async\" class=\"alignnone wp-image-155 size-large\" src=\"https:\/\/gh-bitz.de\/wp-content\/uploads\/2021\/08\/cropped-DSC_1626-scaled-1-1024x615.jpg\" alt=\"Klangschalen\" width=\"525\" height=\"315\" srcset=\"https:\/\/gh-bitz.de\/wp-content\/uploads\/2021\/08\/cropped-DSC_1626-scaled-1-1024x615.jpg 1024w, https:\/\/gh-bitz.de\/wp-content\/uploads\/2021\/08\/cropped-DSC_1626-scaled-1-300x180.jpg 300w, https:\/\/gh-bitz.de\/wp-content\/uploads\/2021\/08\/cropped-DSC_1626-scaled-1-768x461.jpg 768w, https:\/\/gh-bitz.de\/wp-content\/uploads\/2021\/08\/cropped-DSC_1626-scaled-1-1536x922.jpg 1536w, https:\/\/gh-bitz.de\/wp-content\/uploads\/2021\/08\/cropped-DSC_1626-scaled-1.jpg 2000w\" sizes=\"auto, (max-width: 525px) 100vw, 525px\" \/><\/p>\r\n","protected":false},"excerpt":{"rendered":"<p>&nbsp; ca. 70-80% unseres K\u00f6rpers bestehen aus Wasser. Wasser ist das Element, welches sich am leichtesten in Schwingungen versetzen l\u00e4sst. Die T\u00f6ne der Klangschalen versetzen uns augenblicklich in einen Zustand der Entspannung, sie ziehen uns auf besondere Weise an, k\u00f6nnen unsere Gehirnfrequenz verlangsamen und dem K\u00f6rper helfen, schneller zu entspannen und zur\u00fcck ins Gleichgewicht und &hellip; <\/p>\n<p class=\"link-more\"><a href=\"https:\/\/gh-bitz.de\/index.php\/klangschalen\/\" class=\"more-link\">Continue reading<span class=\"screen-reader-text\"> &#8220;Klangschalen&#8221;<\/span><\/a><\/p>\n","protected":false},"author":1,"featured_media":0,"parent":0,"menu_order":0,"comment_status":"closed","ping_status":"closed","template":"","meta":{"ngg_post_thumbnail":0,"footnotes":""},"class_list":["post-98","page","type-page","status-publish","hentry"],"_links":{"self":[{"href":"https:\/\/gh-bitz.de\/index.php\/wp-json\/wp\/v2\/pages\/98","targetHints":{"allow":["GET"]}}],"collection":[{"href":"https:\/\/gh-bitz.de\/index.php\/wp-json\/wp\/v2\/pages"}],"about":[{"href":"https:\/\/gh-bitz.de\/index.php\/wp-json\/wp\/v2\/types\/page"}],"author":[{"embeddable":true,"href":"https:\/\/gh-bitz.de\/index.php\/wp-json\/wp\/v2\/users\/1"}],"replies":[{"embeddable":true,"href":"https:\/\/gh-bitz.de\/index.php\/wp-json\/wp\/v2\/comments?post=98"}],"version-history":[{"count":11,"href":"https:\/\/gh-bitz.de\/index.php\/wp-json\/wp\/v2\/pages\/98\/revisions"}],"predecessor-version":[{"id":397,"href":"https:\/\/gh-bitz.de\/index.php\/wp-json\/wp\/v2\/pages\/98\/revisions\/397"}],"wp:attachment":[{"href":"https:\/\/gh-bitz.de\/index.php\/wp-json\/wp\/v2\/media?parent=98"}],"curies":[{"name":"wp","href":"https:\/\/api.w.org\/{rel}","templated":true}]}}